{"id":10000002999,"date":"2023-08-30T12:48:20","date_gmt":"2023-08-30T12:48:20","guid":{"rendered":"https:\/\/www.van-osch-uden.nl\/haendler\/"},"modified":"2023-12-05T13:42:46","modified_gmt":"2023-12-05T13:42:46","slug":"haendler","status":"publish","type":"page","link":"https:\/\/www.van-osch-uden.nl\/de\/haendler\/","title":{"rendered":"H\u00e4ndler"},"content":{"rendered":"<p>[et_pb_section fb_built=&#8220;1&#8243; custom_padding_last_edited=&#8220;on|desktop&#8220; disabled_on=&#8220;on|on|off&#8220; admin_label=&#8220;Sectie desktop&#8220; _builder_version=&#8220;4.21.0&#8243; _module_preset=&#8220;default&#8220; background_color=&#8220;RGBA(255,255,255,0)&#8220; use_background_color_gradient=&#8220;on&#8220; background_color_gradient_stops=&#8220;rgba(51,51,51,0.9) 0%|rgba(33,33,33,0.9) 100%&#8220; background_color_gradient_overlays_image=&#8220;on&#8220; background_image=&#8220;https:\/\/www.van-osch-uden.nl\/wp-content\/uploads\/2023\/09\/over-header.jpg&#8220; custom_margin=&#8220;-150px||||false|false&#8220; custom_margin_tablet=&#8220;-150px||||false|false&#8220; custom_margin_phone=&#8220;-150px||||false|false&#8220; custom_margin_last_edited=&#8220;on|desktop&#8220; custom_padding=&#8220;14vw||6vw||false|false&#8220; custom_padding_tablet=&#8220;14vw||6vw||false|false&#8220; custom_padding_phone=&#8220;14vw||6vw||false|false&#8220; global_colors_info=&#8220;{}&#8220;][et_pb_row column_structure=&#8220;1_3,1_3,1_3&#8243; use_custom_gutter=&#8220;on&#8220; gutter_width=&#8220;1&#8243; make_equal=&#8220;on&#8220; _builder_version=&#8220;4.21.0&#8243; _module_preset=&#8220;default&#8220; width=&#8220;100%&#8220; max_width=&#8220;50%&#8220; global_colors_info=&#8220;{}&#8220;][et_pb_column type=&#8220;1_3&#8243; _builder_version=&#8220;4.21.0&#8243; _module_preset=&#8220;default&#8220; global_colors_info=&#8220;{}&#8220;][et_pb_image src=&#8220;https:\/\/www.van-osch-uden.nl\/wp-content\/uploads\/2023\/06\/vanOsch-logo-wit.svg&#8220; alt=&#8220;vanOsch-logo-wit&#8220; title_text=&#8220;vanOsch-logo-wit&#8220; _builder_version=&#8220;4.21.0&#8243; _module_preset=&#8220;default&#8220; width=&#8220;50%&#8220; global_colors_info=&#8220;{}&#8220;][\/et_pb_image][\/et_pb_column][et_pb_column type=&#8220;1_3&#8243; _builder_version=&#8220;4.21.0&#8243; _module_preset=&#8220;default&#8220; custom_css_main_element=&#8220;margin:auto;&#8220; global_colors_info=&#8220;{}&#8220;][et_pb_text _builder_version=&#8220;4.21.0&#8243; _module_preset=&#8220;default&#8220; header_font=&#8220;Cairo|600|||||||&#8220; header_text_color=&#8220;#FFFFFF&#8220; header_font_size=&#8220;3vw&#8220; global_colors_info=&#8220;{}&#8220;]<\/p>\n<h1>H\u00e4ndler<\/h1>\n<p>[\/et_pb_text][\/et_pb_column][et_pb_column type=&#8220;1_3&#8243; _builder_version=&#8220;4.21.0&#8243; _module_preset=&#8220;default&#8220; custom_css_main_element=&#8220;margin:auto;&#8220; global_colors_info=&#8220;{}&#8220;][\/et_pb_column][\/et_pb_row][\/et_pb_section][et_pb_section fb_built=&#8220;1&#8243; custom_padding_last_edited=&#8220;on|desktop&#8220; disabled_on=&#8220;off|off|on&#8220; admin_label=&#8220;Sectie tablet, mobile&#8220; _builder_version=&#8220;4.21.0&#8243; _module_preset=&#8220;default&#8220; background_color=&#8220;RGBA(255,255,255,0)&#8220; use_background_color_gradient=&#8220;on&#8220; background_color_gradient_stops=&#8220;rgba(51,51,51,0.9) 0%|rgba(33,33,33,0.9) 100%&#8220; background_color_gradient_overlays_image=&#8220;on&#8220; background_image=&#8220;https:\/\/www.van-osch-uden.nl\/wp-content\/uploads\/2023\/09\/over-header.jpg&#8220; custom_margin=&#8220;||||false|false&#8220; custom_margin_tablet=&#8220;-150px||||false|false&#8220; custom_margin_phone=&#8220;-150px||||false|false&#8220; custom_margin_last_edited=&#8220;off|desktop&#8220; custom_padding=&#8220;14vw||6vw||false|false&#8220; custom_padding_tablet=&#8220;14vw||6vw||false|false&#8220; custom_padding_phone=&#8220;14vw||6vw||false|false&#8220; global_colors_info=&#8220;{}&#8220;][et_pb_row column_structure=&#8220;1_2,1_2&#8243; use_custom_gutter=&#8220;on&#8220; gutter_width=&#8220;1&#8243; make_equal=&#8220;on&#8220; module_class=&#8220;two-colomns&#8220; _builder_version=&#8220;4.21.0&#8243; _module_preset=&#8220;default&#8220; width=&#8220;100%&#8220; max_width=&#8220;90%&#8220; custom_css_main_element=&#8220;align-items: center !important;&#8220; global_colors_info=&#8220;{}&#8220;][et_pb_column type=&#8220;1_2&#8243; _builder_version=&#8220;4.21.0&#8243; _module_preset=&#8220;default&#8220; custom_css_before=&#8220;\t||&#8220; custom_css_after=&#8220;\t||&#8220; global_colors_info=&#8220;{}&#8220;][et_pb_text _builder_version=&#8220;4.21.0&#8243; _module_preset=&#8220;default&#8220; header_font=&#8220;Cairo|600|||||||&#8220; header_text_align=&#8220;center&#8220; header_text_color=&#8220;#FFFFFF&#8220; header_font_size=&#8220;7vw&#8220; global_colors_info=&#8220;{}&#8220;]<\/p>\n<h1>H\u00e4ndler<br \/>\n<\/h1>\n<p>[\/et_pb_text][\/et_pb_column][et_pb_column type=&#8220;1_2&#8243; _builder_version=&#8220;4.21.0&#8243; _module_preset=&#8220;default&#8220; custom_css_main_element=&#8220;margin: auto;&#8220; global_colors_info=&#8220;{}&#8220;][\/et_pb_column][\/et_pb_row][\/et_pb_section][et_pb_section fb_built=&#8220;1&#8243; _builder_version=&#8220;4.21.0&#8243; _module_preset=&#8220;default&#8220; background_color=&#8220;#FFFFFF&#8220; global_colors_info=&#8220;{}&#8220;][et_pb_row column_structure=&#8220;1_2,1_2&#8243; use_custom_gutter=&#8220;on&#8220; gutter_width=&#8220;1&#8243; make_equal=&#8220;on&#8220; _builder_version=&#8220;4.21.0&#8243; _module_preset=&#8220;default&#8220; width=&#8220;100%&#8220; max_width=&#8220;70%&#8220; max_width_tablet=&#8220;70%&#8220; max_width_phone=&#8220;90%&#8220; max_width_last_edited=&#8220;on|phone&#8220; global_colors_info=&#8220;{}&#8220;][et_pb_column type=&#8220;1_2&#8243; _builder_version=&#8220;4.21.0&#8243; _module_preset=&#8220;default&#8220; custom_css_main_element=&#8220;  margin: auto;&#8220; global_colors_info=&#8220;{}&#8220;][et_pb_text _builder_version=&#8220;4.21.0&#8243; _module_preset=&#8220;default&#8220; text_font=&#8220;Cairo|300|||||||&#8220; text_text_color=&#8220;#333333&#8243; text_font_size=&#8220;18px&#8220; link_font=&#8220;Cairo|600|||||||&#8220; link_text_color=&#8220;#000000&#8243; link_font_size=&#8220;16px&#8220; header_2_font=&#8220;Cairo|300|||||||&#8220; header_2_text_color=&#8220;#008BD2&#8243; header_2_font_size=&#8220;28px&#8220; animation_style=&#8220;fold&#8220; animation_direction=&#8220;bottom&#8220; animation_intensity_fold=&#8220;20%&#8220; global_colors_info=&#8220;{}&#8220;]<\/p>\n<h2>Qualitativ hochwertiges Netzwerk<\/p>\n<\/h2>\n<p>Als Spezialist, Produzent und Lieferant von Stalleinrichtungen verf\u00fcgt Van Osch \u00fcber ein qualitativ hochwertiges H\u00e4ndlernetz. Alle angegliederten H\u00e4ndler sind auf der Grundlage von Erfahrung, Wissen und Kompetenz zusammengestellt worden. Au\u00dferdem verf\u00fcgen sie \u00fcber eine Einstellung zum Beruf und zur Branche, die wir f\u00fcr die Norm halten: Sie sind motiviert und engagiert und stolz auf den Sektor f\u00fcr Schweinehaltung.\n<\/p>\n<h4>W\u00e4re Vertragsh\u00e4ndler etwas f\u00fcr Sie?<br \/>\n<\/h4>\n<p>Wenn Sie sich in dem wiederfinden, wof\u00fcr unsere H\u00e4ndler eintreten und stehen, sprechen wir gerne mit Ihnen. Interessiert h\u00f6ren wir uns Ihre Geschichte an und lernen Ihre Visionen und Ambitionen kennen. Umgekehrt erfahren Sie von uns, wie wir Ihnen als H\u00e4ndler helfen und Sie unterst\u00fctzen, auch in den Bereichen Technik, Vertrieb und Marketing. Und was unser Wissenslabor f\u00fcr Sie bedeutet.    <\/p>\n<p>[\/et_pb_text][\/et_pb_column][et_pb_column type=&#8220;1_2&#8243; _builder_version=&#8220;4.21.0&#8243; _module_preset=&#8220;default&#8220; background_enable_color=&#8220;off&#8220; custom_css_main_element=&#8220;  margin: auto;&#8220; global_colors_info=&#8220;{}&#8220;][et_pb_image src=&#8220;https:\/\/www.van-osch-uden.nl\/wp-content\/uploads\/2023\/06\/vanOsch-logo-footer.svg&#8220; alt=&#8220;vanOsch-logo-footer&#8220; title_text=&#8220;vanOsch-logo-footer&#8220; align=&#8220;center&#8220; _builder_version=&#8220;4.21.0&#8243; _module_preset=&#8220;default&#8220; width=&#8220;50%&#8220; width_tablet=&#8220;40%&#8220; width_phone=&#8220;90%&#8220; width_last_edited=&#8220;on|phone&#8220; module_alignment=&#8220;center&#8220; custom_padding_tablet=&#8220;&#8220; custom_padding_phone=&#8220;20px||||false|false&#8220; custom_padding_last_edited=&#8220;on|phone&#8220; animation_style=&#8220;fade&#8220; animation_duration=&#8220;1300ms&#8220; border_radii=&#8220;on|15px|15px|15px|15px&#8220; global_colors_info=&#8220;{}&#8220;][\/et_pb_image][\/et_pb_column][\/et_pb_row][et_pb_row use_custom_gutter=&#8220;on&#8220; gutter_width=&#8220;1&#8243; make_equal=&#8220;on&#8220; _builder_version=&#8220;4.21.0&#8243; _module_preset=&#8220;default&#8220; width=&#8220;100%&#8220; max_width=&#8220;70%&#8220; max_width_tablet=&#8220;70%&#8220; max_width_phone=&#8220;90%&#8220; max_width_last_edited=&#8220;on|phone&#8220; global_colors_info=&#8220;{}&#8220;][et_pb_column type=&#8220;4_4&#8243; _builder_version=&#8220;4.21.0&#8243; _module_preset=&#8220;default&#8220; custom_css_main_element=&#8220;  margin: auto;&#8220; global_colors_info=&#8220;{}&#8220;][et_pb_text _builder_version=&#8220;4.21.0&#8243; _module_preset=&#8220;default&#8220; text_font=&#8220;Cairo|300|||||||&#8220; text_text_color=&#8220;#333333&#8243; text_font_size=&#8220;18px&#8220; link_font=&#8220;Cairo|600|||||||&#8220; link_text_color=&#8220;#000000&#8243; link_font_size=&#8220;16px&#8220; header_2_font=&#8220;Cairo|600|||||||&#8220; header_2_text_color=&#8220;#008BD2&#8243; header_2_font_size=&#8220;28px&#8220; animation_style=&#8220;fold&#8220; animation_direction=&#8220;bottom&#8220; animation_intensity_fold=&#8220;20%&#8220; custom_css_main_element=&#8220;.table-striped > tbody > tr:nth-of-type(2n+1) {||  background-color: #f9f9f9;||}||||.table-dealers thead tr:last-child th {||  border-bottom: 2px solid #2874BD;||}||||.table-dealers tbody tr td, .table-dealers tbody tr th, .table-dealers thead tr td, .table-dealers thead tr th {||  border-width: 0;||  padding: 5px 8px;||}&#8220; global_colors_info=&#8220;{}&#8220;]<\/p>\n<div class=\"col-md-12\">\n<div id=\"map-canvas\"><\/div>\n<\/p><\/div>\n<div class=\"col-md-12\">\n<div class=\"table-responsive\">\n<table class=\"table table-striped table-dealers\">\n<thead>\n<tr>\n<td colspan=\"4\">\n<h2>H\u00e4ndler Niederlande<\/h2>\n<\/td>\n<\/td>\n<tr>\n<th>H\u00e4ndler<\/th>\n<th>Adresse<\/th>\n<th>Telefonnummer<\/th>\n<th>E-mail<\/th>\n<\/tr>\n<\/thead>\n<tbody>\n<tr>\n<td><a target=\"_blank\" href=\"http:\/\/www.nijborgagri.nl\" title=\"Nijborg Agri\" rel=\"noopener\">Nijborg Agri<\/a><\/td>\n<td>De Hooge Hoek 24<br \/>3927 GG Renswoude<\/td>\n<td><a href=\"tel:+31318572923\">+31 318 57 29 23 <\/a> &nbsp;<\/td>\n<td><a href=\"mailto:info@nijborgagri.nl\">info@nijborgagri.nl<\/a><\/td>\n<\/tr>\n<tr>\n<td><a target=\"_blank\" href=\"http:\/\/www.fhloohuis.nl\" title=\"Installatiebedrijf FH Loohuis\" rel=\"noopener\">Installatiebedrijf FH Loohuis<\/a><\/td>\n<td>Bornestraat 55<br \/>7597 NH Saasveld<\/td>\n<td><a href=\"tel:+31743494301\">+31 743 49 43 01 <\/a> &nbsp;<\/td>\n<td><a href=\"mailto:info@fhloohuis.nl\">info@fhloohuis.nl<\/a><\/td>\n<\/tr>\n<tr>\n<td><a target=\"_blank\" href=\"http:\/\/www.hermsenstalinrichting.nl\" title=\"Hermsen Stalinrichting B.V.\" rel=\"noopener\">Hermsen Stalinrichting B.V.<\/a><\/td>\n<td>Vierakkersestraatweg 12<br \/>7207 DH Zutphen<\/td>\n<td><a href=\"tel:+31575520845\">+31 575 52 08 45 <\/a> &nbsp;<\/td>\n<td><a href=\"mailto:info@hermsenstalinrichting.nl\">info@hermsenstalinrichting.nl<\/a><\/td>\n<\/tr>\n<tr>\n<td><a target=\"_blank\" href=\"http:\/\/www.rijkvandamstalinrichting.nl\" title=\"Rijk van Dam Stalinrichting\" rel=\"noopener\">Rijk van Dam Stalinrichting<\/a><\/td>\n<td>Kruisbeekweg 13a<br \/>6741 NE Lunteren<\/td>\n<td><a href=\"tel:0318573726\">0318-573726<\/a> &nbsp;<\/td>\n<td><a href=\"mailto:info@rijkvandamstalinrichting.nl\">info@rijkvandamstalinrichting.nl<\/a><\/td>\n<\/tr>\n<tr>\n<td><a target=\"_blank\" href=\"http:\/\/www.thinternational.nl\" title=\"TH International\" rel=\"noopener\">TH International<\/a><\/td>\n<td>Bolst 18a<br \/>5469 SC Erp<\/td>\n<td><a href=\"tel:0031628445930\">0031628445930<\/a> &nbsp;<\/td>\n<td><a href=\"mailto:tibor@thinternational.nl\">tibor@thinternational.nl<\/a><\/td>\n<\/tr>\n<\/tbody>\n<thead>\n<tr>\n<td colspan=\"4\"><\/p>\n<h2>H\u00e4ndler im Ausland<\/h2>\n<\/td>\n<\/tr>\n<tr>\n<th>H\u00e4ndler<\/th>\n<th>Adresse<\/th>\n<th>Telefonnummer<\/th>\n<th>E-mail<\/th>\n<\/tr>\n<\/thead>\n<tbody>\n<tr>\n<td><a target=\"_blank\" href=\"http:\/\/www.haka-lueftungstechnik.com\" title=\"Josef H\u00e4ufele GMBH &amp; Co KG\" rel=\"noopener\">Josef H\u00e4ufele GMBH &amp; Co KG<\/a><\/td>\n<td>Robert-Bosch-Stra\u00dfe 6-9<br \/>89155 Erbach Dellmensingen<br \/>Duitsland<\/td>\n<td><a href=\"tel:+49730596100\">+49 7305 96 10 0 <\/a> &nbsp;<\/td>\n<td><a href=\"mailto:info@haka-lueftungstechnik.com\">info@haka-lueftungstechnik.com<\/a><\/td>\n<\/tr>\n<tr>\n<td><a target=\"_blank\" href=\"https:\/\/taenzer-systeme.jimdo.com\" title=\"T\u00e4nzer Systeme Gmbh\" rel=\"noopener\">T\u00e4nzer Systeme Gmbh<\/a><\/td>\n<td>Alte Dorfstra\u00dfe 33<br \/>99610 S\u00f6mmerda \/ OT Frohndorf <br \/>Duitsland<\/td>\n<td><a href=\"tel:+493634612203\">+49 3634 61 22 03 <\/a> &nbsp;<\/td>\n<td><a href=\"mailto:info@taenzer-systeme.de%20\">info@taenzer-systeme.de <\/a><\/td>\n<\/tr>\n<tr>\n<td><a target=\"_blank\" href=\"http:\/\/www.buettner-agrartechnik.de\" title=\"B\u00fcttner Agrartechnik\" rel=\"noopener\">B\u00fcttner Agrartechnik<\/a><\/td>\n<td>Oberschwaningen 53<br \/>91743 Unterschwaningen<br \/>Duitsland<\/td>\n<td><a href=\"tel:+4998361602\">+49 9836 16 02 <\/a> &nbsp;<\/td>\n<td><a href=\"mailto:info@buettner-agrartechnik.de\">info@buettner-agrartechnik.de<\/a><\/td>\n<\/tr>\n<tr>\n<td><a target=\"_blank\" href=\"http:\/\/www.paysbas-elevage.com\" title=\"Pays Bas El\u00e9vage\" rel=\"noopener\">Pays Bas El\u00e9vage<\/a><\/td>\n<td>Den Brier 201<br \/>5403 KN Uden &#8211; Nederland<br \/>Frankrijk<\/td>\n<td><a href=\"tel:+31413246841\">+31 413 24 68 41 <\/a> &nbsp;<\/td>\n<td><a href=\"mailto:info@paysbas-elevage.com\">info@paysbas-elevage.com<\/a><\/td>\n<\/tr>\n<tr>\n<td><a target=\"_blank\" href=\"http:\/\/www.quality-equipment.co.uk\" title=\"Quality Equipment\" rel=\"noopener\">Quality Equipment<\/a><\/td>\n<td>Heath Road<br \/> Woolpit<br \/> Bury St Edmunds<br \/> Suffolk<br \/> IP30 9RN<br \/>Verenigd Koninkrijk<\/td>\n<td><a href=\"tel:+441359240529\">+44 1359 24 05 29 <\/a> &nbsp;<\/td>\n<td><a href=\"mailto:baker@quality-equipment.co.uk\">baker@quality-equipment.co.uk<\/a><\/td>\n<\/tr>\n<tr>\n<td><a target=\"_blank\" href=\"http:\/\/www.philbennissales.ie\" title=\"Phil Bennis &amp; Sons Ltd\" rel=\"noopener\">Phil Bennis &amp; Sons Ltd<\/a><\/td>\n<td>Clarina Road Patrickswell<br \/>The Old Creamery<br \/>Co. Limerick <br \/>Ierland<\/td>\n<td><a href=\"tel:+35361355275\">+353 61 35 52 75 <\/a> &nbsp;<\/td>\n<td><a href=\"mailto:info@philbennissales.ie\">info@philbennissales.ie<\/a><\/td>\n<\/tr>\n<tr>\n<td class=\"dealerName\">AgroElbest<\/td>\n<td>Biruzova 10A, of. 202<br \/>220073 Minsk<br \/>Wit-Rusland<\/td>\n<td><a href=\"tel:+375172047671\">+375172047671<\/a>&nbsp;<\/td>\n<td><\/td>\n<\/tr>\n<tr>\n<td><a target=\"_blank\" href=\"http:\/\/www.gerend.hu\" title=\"Gerend KFT\" rel=\"noopener\">Gerend KFT<\/a><\/td>\n<td>Kunpuszta 116<br \/>H-6041 Kerekegyhaza<br \/>Hongarije<\/td>\n<td><a href=\"tel:+3676545165\">+3676545165<\/a> &nbsp;<\/td>\n<td><a href=\"mailto:johann.gerber@ifarm.hu\">johann.gerber@ifarm.hu<\/a><\/td>\n<\/tr>\n<tr>\n<td><a target=\"_blank\" href=\"http:\/\/www.veljeksetmatintalo.fi\" title=\"Veljekset Matintalo Oy\" rel=\"noopener\">Veljekset Matintalo Oy<\/a><\/td>\n<td>Kukonharjantie 687<br \/>32610 Vampula<br \/>Finland<\/td>\n<td><a href=\"tel:+358(2)7636950\">+358(2)7636950<\/a> &nbsp;<\/td>\n<td><a href=\"mailto:info@veljeksetmatintalo.fi\">info@veljeksetmatintalo.fi<\/a><\/td>\n<\/tr>\n<tr>\n<td class=\"dealerName\">Vassilis Karabinas Pedini<\/td>\n<td>45500 Loannina<br \/>Griekenland<\/td>\n<td><a href=\"tel:+302651092851\">+302651092851<\/a> &nbsp;<\/td>\n<td><a href=\"mailto:vfkarabinas@vkarabinas-sa.gr\">vfkarabinas@vkarabinas-sa.gr<\/a><\/td>\n<\/tr>\n<tr>\n<td><a target=\"_blank\" href=\"http:\/\/www.frontier-intl.co.jp\" title=\"Frontier Int. Co. Ltd\" rel=\"noopener\">Frontier Int. Co. Ltd<\/a><\/td>\n<td>9-1, 2-Choume, Gorikida Asao-Ku, <br \/>Kawasaki-shi, Kanagawa-ken<br \/>Japan<\/td>\n<td><a href=\"tel:0449802226\">044 980 2226<\/a> &nbsp;<\/td>\n<td><\/td>\n<\/tr>\n<tr>\n<td><a target=\"_blank\" href=\"http:\/\/www.fgc.ca\" title=\"FGC LIMITED\" rel=\"noopener\">FGC LIMITED<\/a><\/td>\n<td>#4842 Perth Line 34<br \/>\nHigway #8 west NOK 1XO Sebringville<br \/>\nOntario<br \/>Canada<\/td>\n<td><a href=\"tel:+15193935179\">+15193935179<\/a> &nbsp;<\/td>\n<td><\/td>\n<\/tr>\n<tr>\n<td><a target=\"_blank\" href=\"http:\/\/www.stallprofi.at\" title=\"Stallprofi hof- und Stalltechnologie GMBH\" rel=\"noopener\">Stallprofi hof- und<br \/>\nStalltechnologie GMBH<\/a><\/td>\n<td>Lindenthalstra\u00dfe 2<br \/>A-4623 Gunskirchen<br \/>Oostenrijk<\/td>\n<td><a href=\"tel:+43724675110\">+43724675110<\/a> &nbsp;<\/td>\n<td><a href=\"mailto:office@stallprofi.at\">office@stallprofi.at<\/a><\/td>\n<\/tr>\n<tr>\n<td><a target=\"_blank\" href=\"http:\/\/www.alcet.com\" title=\"Alcet Nederland VOF\" rel=\"noopener\">Alcet Nederland VOF<\/a><\/td>\n<td>Dreesborch 3<br \/>5241 HL Rosmalen &#8211; Nederland<br \/>Itali\u00eb<\/td>\n<td><a href=\"tel:+31620407181\">+31 620 40 71 81 <\/a> &nbsp;<\/td>\n<td><a href=\"mailto:info@alcet.com\">info@alcet.com<\/a><\/td>\n<\/tr>\n<tr>\n<td><a target=\"_blank\" href=\"http:\/\/www.intercontinental.nl\" title=\"Intercontinental B.V.\" rel=\"noopener\">Intercontinental B.V.<\/a><\/td>\n<td>Agrobaan 4<br \/>5813 EB IJselstein &#8211; Nederland<br \/>Diverse<\/td>\n<td><a href=\"tel:+31478541229\">+31 478 54 12 29 <\/a> &nbsp;<\/td>\n<td><a href=\"mailto:info@intercontinental.nl\">info@intercontinental.nl<\/a><\/td>\n<\/tr>\n<\/tbody>\n<\/table><\/div>\n<\/p><\/div>\n<p>[\/et_pb_text][\/et_pb_column][\/et_pb_row][et_pb_row use_custom_gutter=&#8220;on&#8220; gutter_width=&#8220;1&#8243; make_equal=&#8220;on&#8220; _builder_version=&#8220;4.21.0&#8243; _module_preset=&#8220;default&#8220; width=&#8220;100%&#8220; max_width=&#8220;70%&#8220; max_width_tablet=&#8220;70%&#8220; max_width_phone=&#8220;90%&#8220; max_width_last_edited=&#8220;on|phone&#8220; global_colors_info=&#8220;{}&#8220;][et_pb_column type=&#8220;4_4&#8243; _builder_version=&#8220;4.21.0&#8243; _module_preset=&#8220;default&#8220; custom_css_main_element=&#8220;  margin: auto;&#8220; global_colors_info=&#8220;{}&#8220;][et_pb_text _builder_version=&#8220;4.21.0&#8243; _module_preset=&#8220;default&#8220; text_font=&#8220;Cairo|300|||||||&#8220; text_text_color=&#8220;#333333&#8243; text_font_size=&#8220;18px&#8220; link_font=&#8220;Cairo|600|||||||&#8220; link_text_color=&#8220;#008BD2&#8243; link_font_size=&#8220;18px&#8220; header_2_font=&#8220;Cairo|300|||||||&#8220; header_2_text_color=&#8220;#008BD2&#8243; header_2_font_size=&#8220;28px&#8220; header_4_font=&#8220;Cairo|600|||||||&#8220; animation_style=&#8220;fold&#8220; animation_direction=&#8220;bottom&#8220; animation_intensity_fold=&#8220;20%&#8220; global_colors_info=&#8220;{}&#8220;]<\/p>\n<p>Schicken Sie uns eine E-Mail an <a href=\"mailto:graageenafspraak@van-osch-uden.nl\">graageenafspraak@van-osch-uden.nl<\/a> ,und wir freuen uns, einen Termin mit Ihnen zu vereinbaren.<\/p>\n<p>[\/et_pb_text][\/et_pb_column][\/et_pb_row][\/et_pb_section][et_pb_section fb_built=&#8220;1&#8243; _builder_version=&#8220;4.21.0&#8243; _module_preset=&#8220;default&#8220; background_color=&#8220;#dfe4e8&#8243; global_colors_info=&#8220;{}&#8220;][et_pb_row column_structure=&#8220;1_2,1_2&#8243; use_custom_gutter=&#8220;on&#8220; _builder_version=&#8220;4.21.0&#8243; _module_preset=&#8220;default&#8220; width=&#8220;100%&#8220; max_width=&#8220;70%&#8220; global_colors_info=&#8220;{}&#8220;][et_pb_column type=&#8220;1_2&#8243; _builder_version=&#8220;4.21.0&#8243; _module_preset=&#8220;default&#8220; global_colors_info=&#8220;{}&#8220;][et_pb_button button_text=&#8220;Informationen anfordern&#8220; button_alignment=&#8220;center&#8220; _builder_version=&#8220;4.23.1&#8243; _module_preset=&#8220;default&#8220; custom_button=&#8220;on&#8220; button_text_color=&#8220;#008bd2&#8243; button_border_radius=&#8220;31px&#8220; hover_enabled=&#8220;0&#8243; global_colors_info=&#8220;{}&#8220; button_url=&#8220;https:\/\/www.van-osch-uden.nl\/de\/kontakt\/&#8220; sticky_enabled=&#8220;0&#8243;][\/et_pb_button][\/et_pb_column][et_pb_column type=&#8220;1_2&#8243; _builder_version=&#8220;4.21.0&#8243; _module_preset=&#8220;default&#8220; global_colors_info=&#8220;{}&#8220;][et_pb_text _builder_version=&#8220;4.21.0&#8243; _module_preset=&#8220;default&#8220; text_font=&#8220;Cairo|300|||||||&#8220; text_text_color=&#8220;#333333&#8243; text_font_size=&#8220;18px&#8220; text_line_height=&#8220;1.8em&#8220; animation_style=&#8220;fold&#8220; animation_direction=&#8220;bottom&#8220; animation_intensity_fold=&#8220;20%&#8220; global_colors_info=&#8220;{}&#8220;]<\/p>\n<p>Ben\u00f6tigen Sie mehr Informationen \u00fcber die Produktion von Van Osch Uden oder m\u00f6chten gerne mehr \u00fcber unser Unternehmen erfahren? Kontaktieren Sie uns. Wir sind Ihnen gerne behilflich.  <\/p>\n<p>[\/et_pb_text][\/et_pb_column][\/et_pb_row][\/et_pb_section]<\/p>\n","protected":false},"excerpt":{"rendered":"<p>H\u00e4ndlerH\u00e4ndler Qualitativ hochwertiges Netzwerk Als Spezialist, Produzent und Lieferant von Stalleinrichtungen verf\u00fcgt Van Osch \u00fcber ein qualitativ hochwertiges H\u00e4ndlernetz. Alle angegliederten H\u00e4ndler sind auf der Grundlage von Erfahrung, Wissen und Kompetenz zusammengestellt worden. Au\u00dferdem verf\u00fcgen sie \u00fcber eine Einstellung zum Beruf und zur Branche, die wir f\u00fcr die Norm halten: Sie sind motiviert und engagiert [&hellip;]<\/p>\n","protected":false},"author":1,"featured_media":0,"parent":0,"menu_order":0,"comment_status":"closed","ping_status":"closed","template":"","meta":{"_et_pb_use_builder":"on","_et_pb_old_content":"","_et_gb_content_width":"","inline_featured_image":false,"footnotes":""},"class_list":["post-10000002999","page","type-page","status-publish","hentry"],"_links":{"self":[{"href":"https:\/\/www.van-osch-uden.nl\/de\/wp-json\/wp\/v2\/pages\/10000002999","targetHints":{"allow":["GET"]}}],"collection":[{"href":"https:\/\/www.van-osch-uden.nl\/de\/wp-json\/wp\/v2\/pages"}],"about":[{"href":"https:\/\/www.van-osch-uden.nl\/de\/wp-json\/wp\/v2\/types\/page"}],"author":[{"embeddable":true,"href":"https:\/\/www.van-osch-uden.nl\/de\/wp-json\/wp\/v2\/users\/1"}],"replies":[{"embeddable":true,"href":"https:\/\/www.van-osch-uden.nl\/de\/wp-json\/wp\/v2\/comments?post=10000002999"}],"version-history":[{"count":3,"href":"https:\/\/www.van-osch-uden.nl\/de\/wp-json\/wp\/v2\/pages\/10000002999\/revisions"}],"predecessor-version":[{"id":10000003530,"href":"https:\/\/www.van-osch-uden.nl\/de\/wp-json\/wp\/v2\/pages\/10000002999\/revisions\/10000003530"}],"wp:attachment":[{"href":"https:\/\/www.van-osch-uden.nl\/de\/wp-json\/wp\/v2\/media?parent=10000002999"}],"curies":[{"name":"wp","href":"https:\/\/api.w.org\/{rel}","templated":true}]}}