{"id":10000003028,"date":"2023-08-30T11:46:39","date_gmt":"2023-08-30T11:46:39","guid":{"rendered":"https:\/\/www.van-osch-uden.nl\/kontakt\/"},"modified":"2024-09-10T11:05:07","modified_gmt":"2024-09-10T11:05:07","slug":"kontakt","status":"publish","type":"page","link":"https:\/\/www.van-osch-uden.nl\/de\/kontakt\/","title":{"rendered":"Kontakt"},"content":{"rendered":"<p>[et_pb_section fb_built=&#8220;1&#8243; custom_padding_last_edited=&#8220;on|desktop&#8220; disabled_on=&#8220;on|on|off&#8220; admin_label=&#8220;Sectie desktop&#8220; _builder_version=&#8220;4.21.0&#8243; _module_preset=&#8220;default&#8220; background_image=&#8220;https:\/\/www.van-osch-uden.nl\/wp-content\/uploads\/2023\/06\/dragende-zeugen-header-scaled.jpg&#8220; custom_margin=&#8220;-150px||||false|false&#8220; custom_margin_tablet=&#8220;-150px||||false|false&#8220; custom_margin_phone=&#8220;-150px||||false|false&#8220; custom_margin_last_edited=&#8220;on|desktop&#8220; custom_padding=&#8220;14vw||6vw||false|false&#8220; custom_padding_tablet=&#8220;14vw||6vw||false|false&#8220; custom_padding_phone=&#8220;14vw||6vw||false|false&#8220; global_colors_info=&#8220;{}&#8220;][et_pb_row column_structure=&#8220;1_3,1_3,1_3&#8243; use_custom_gutter=&#8220;on&#8220; gutter_width=&#8220;1&#8243; make_equal=&#8220;on&#8220; _builder_version=&#8220;4.21.0&#8243; _module_preset=&#8220;default&#8220; width=&#8220;100%&#8220; max_width=&#8220;50%&#8220; global_colors_info=&#8220;{}&#8220;][et_pb_column type=&#8220;1_3&#8243; _builder_version=&#8220;4.21.0&#8243; _module_preset=&#8220;default&#8220; global_colors_info=&#8220;{}&#8220;][et_pb_image src=&#8220;https:\/\/www.van-osch-uden.nl\/wp-content\/uploads\/2023\/06\/vanOsch-logo-wit.svg&#8220; alt=&#8220;vanOsch-logo-wit&#8220; title_text=&#8220;vanOsch-logo-wit&#8220; _builder_version=&#8220;4.21.0&#8243; _module_preset=&#8220;default&#8220; width=&#8220;50%&#8220; global_colors_info=&#8220;{}&#8220;][\/et_pb_image][\/et_pb_column][et_pb_column type=&#8220;1_3&#8243; _builder_version=&#8220;4.21.0&#8243; _module_preset=&#8220;default&#8220; custom_css_main_element=&#8220;margin:auto;&#8220; global_colors_info=&#8220;{}&#8220;][et_pb_text _builder_version=&#8220;4.21.0&#8243; _module_preset=&#8220;default&#8220; header_font=&#8220;Cairo|600|||||||&#8220; header_text_color=&#8220;#FFFFFF&#8220; header_font_size=&#8220;3vw&#8220; global_colors_info=&#8220;{}&#8220;]<\/p>\n<h1>Kontakt<\/h1>\n<p>[\/et_pb_text][\/et_pb_column][et_pb_column type=&#8220;1_3&#8243; _builder_version=&#8220;4.21.0&#8243; _module_preset=&#8220;default&#8220; custom_css_main_element=&#8220;margin:auto;&#8220; global_colors_info=&#8220;{}&#8220;][\/et_pb_column][\/et_pb_row][\/et_pb_section][et_pb_section fb_built=&#8220;1&#8243; custom_padding_last_edited=&#8220;on|desktop&#8220; disabled_on=&#8220;off|off|on&#8220; admin_label=&#8220;Sectie tablet, mobile&#8220; _builder_version=&#8220;4.21.0&#8243; _module_preset=&#8220;default&#8220; background_image=&#8220;https:\/\/www.van-osch-uden.nl\/wp-content\/uploads\/2023\/06\/dragende-zeugen-header-scaled.jpg&#8220; custom_margin=&#8220;||||false|false&#8220; custom_margin_tablet=&#8220;-150px||||false|false&#8220; custom_margin_phone=&#8220;-150px||||false|false&#8220; custom_margin_last_edited=&#8220;off|desktop&#8220; custom_padding=&#8220;14vw||6vw||false|false&#8220; custom_padding_tablet=&#8220;14vw||6vw||false|false&#8220; custom_padding_phone=&#8220;14vw||6vw||false|false&#8220; global_colors_info=&#8220;{}&#8220;][et_pb_row column_structure=&#8220;1_2,1_2&#8243; use_custom_gutter=&#8220;on&#8220; gutter_width=&#8220;1&#8243; make_equal=&#8220;on&#8220; module_class=&#8220;two-colomns&#8220; _builder_version=&#8220;4.21.0&#8243; _module_preset=&#8220;default&#8220; width=&#8220;100%&#8220; max_width=&#8220;90%&#8220; custom_css_main_element=&#8220;align-items: center !important;&#8220; global_colors_info=&#8220;{}&#8220;][et_pb_column type=&#8220;1_2&#8243; _builder_version=&#8220;4.21.0&#8243; _module_preset=&#8220;default&#8220; custom_css_before=&#8220;\t||&#8220; custom_css_after=&#8220;\t||&#8220; global_colors_info=&#8220;{}&#8220;][et_pb_text _builder_version=&#8220;4.21.0&#8243; _module_preset=&#8220;default&#8220; header_font=&#8220;Cairo|600|||||||&#8220; header_text_align=&#8220;center&#8220; header_text_color=&#8220;#FFFFFF&#8220; header_font_size=&#8220;7vw&#8220; global_colors_info=&#8220;{}&#8220;]<\/p>\n<h1>Kontakt<br \/>\n<\/h1>\n<p>[\/et_pb_text][\/et_pb_column][et_pb_column type=&#8220;1_2&#8243; _builder_version=&#8220;4.21.0&#8243; _module_preset=&#8220;default&#8220; custom_css_main_element=&#8220;margin: auto;&#8220; global_colors_info=&#8220;{}&#8220;][\/et_pb_column][\/et_pb_row][\/et_pb_section][et_pb_section fb_built=&#8220;1&#8243; _builder_version=&#8220;4.21.0&#8243; _module_preset=&#8220;default&#8220; background_color=&#8220;#FFFFFF&#8220; global_colors_info=&#8220;{}&#8220;][et_pb_row column_structure=&#8220;2_3,1_3&#8243; use_custom_gutter=&#8220;on&#8220; make_equal=&#8220;on&#8220; _builder_version=&#8220;4.21.0&#8243; _module_preset=&#8220;default&#8220; width=&#8220;100%&#8220; max_width=&#8220;70%&#8220; max_width_tablet=&#8220;70%&#8220; max_width_phone=&#8220;90%&#8220; max_width_last_edited=&#8220;on|phone&#8220; global_colors_info=&#8220;{}&#8220;][et_pb_column type=&#8220;2_3&#8243; _builder_version=&#8220;4.21.0&#8243; _module_preset=&#8220;default&#8220; custom_css_main_element=&#8220;  margin: auto;&#8220; global_colors_info=&#8220;{}&#8220;][et_pb_text _builder_version=&#8220;4.23.1&#8243; _module_preset=&#8220;default&#8220; text_font=&#8220;Cairo|300|||||||&#8220; text_text_color=&#8220;#333333&#8243; text_font_size=&#8220;18px&#8220; link_font=&#8220;Cairo|600|||||||&#8220; link_text_color=&#8220;#000000&#8243; link_font_size=&#8220;16px&#8220; header_2_font=&#8220;Cairo|300|||||||&#8220; header_2_text_color=&#8220;#008BD2&#8243; header_2_font_size=&#8220;28px&#8220; animation_style=&#8220;fold&#8220; animation_direction=&#8220;bottom&#8220; animation_intensity_fold=&#8220;20%&#8220; global_colors_info=&#8220;{}&#8220;]<\/p>\n<h2>Kontakt mit Van Osch<\/h2>\n<p>M\u00f6chten Sie mehr \u00fcber Van Osch erfahren? Beispielsweise \u00fcber Ihr ma\u00dfgeschneidertes Projekt zu einem konkurrenzf\u00e4higen Preis. Nehmen Sie gern f\u00fcr ein freibleibendes Gespr\u00e4ch Kontakt mit uns auf.[\/et_pb_text][et_pb_contact_form use_spam_service=&#8220;on&#8220; recaptcha_list=&#8220;Default|Default-0&#8243; email=&#8220;info@van-osch-uden.nl&#8220; custom_message=&#8220;Nieuw bericht vanuit het contactformulier (Duits):||et_pb_line_break_holder||||et_pb_line_break_holder||Naam: %%Name%%||et_pb_line_break_holder||E-mailadres: %%Email%%||et_pb_line_break_holder||Telefoonnummer: %%Phone%%||et_pb_line_break_holder||Bericht:||et_pb_line_break_holder||%%Message%%&#8220; success_message=&#8220;Ihre Nachricht wurde gesendet&#8220; submit_button_text=&#8220;Senden&#8220; _builder_version=&#8220;4.23.1&#8243; _module_preset=&#8220;default&#8220; _unique_id=&#8220;284a245d-144e-4468-ad74-d8a8ce6cef0a&#8220; global_colors_info=&#8220;{}&#8220;][et_pb_contact_field field_id=&#8220;Name&#8220; field_title=&#8220;Name&#8220; fullwidth_field=&#8220;on&#8220; _builder_version=&#8220;4.21.0&#8243; global_colors_info=&#8220;{}&#8220; button_text_size__hover_enabled=&#8220;off&#8220; button_one_text_size__hover_enabled=&#8220;off&#8220; button_two_text_size__hover_enabled=&#8220;off&#8220; button_text_color__hover_enabled=&#8220;off&#8220; button_one_text_color__hover_enabled=&#8220;off&#8220; button_two_text_color__hover_enabled=&#8220;off&#8220; button_border_width__hover_enabled=&#8220;off&#8220; button_one_border_width__hover_enabled=&#8220;off&#8220; button_two_border_width__hover_enabled=&#8220;off&#8220; button_border_color__hover_enabled=&#8220;off&#8220; button_one_border_color__hover_enabled=&#8220;off&#8220; button_two_border_color__hover_enabled=&#8220;off&#8220; button_border_radius__hover_enabled=&#8220;off&#8220; button_one_border_radius__hover_enabled=&#8220;off&#8220; button_two_border_radius__hover_enabled=&#8220;off&#8220; button_letter_spacing__hover_enabled=&#8220;off&#8220; button_one_letter_spacing__hover_enabled=&#8220;off&#8220; button_two_letter_spacing__hover_enabled=&#8220;off&#8220; button_bg_color__hover_enabled=&#8220;off&#8220; button_one_bg_color__hover_enabled=&#8220;off&#8220; button_two_bg_color__hover_enabled=&#8220;off&#8220;][\/et_pb_contact_field][et_pb_contact_field field_id=&#8220;Email&#8220; field_title=&#8220;E-mail&#8220; field_type=&#8220;email&#8220; fullwidth_field=&#8220;on&#8220; _builder_version=&#8220;4.21.0&#8243; global_colors_info=&#8220;{}&#8220; button_text_size__hover_enabled=&#8220;off&#8220; button_one_text_size__hover_enabled=&#8220;off&#8220; button_two_text_size__hover_enabled=&#8220;off&#8220; button_text_color__hover_enabled=&#8220;off&#8220; button_one_text_color__hover_enabled=&#8220;off&#8220; button_two_text_color__hover_enabled=&#8220;off&#8220; button_border_width__hover_enabled=&#8220;off&#8220; button_one_border_width__hover_enabled=&#8220;off&#8220; button_two_border_width__hover_enabled=&#8220;off&#8220; button_border_color__hover_enabled=&#8220;off&#8220; button_one_border_color__hover_enabled=&#8220;off&#8220; button_two_border_color__hover_enabled=&#8220;off&#8220; button_border_radius__hover_enabled=&#8220;off&#8220; button_one_border_radius__hover_enabled=&#8220;off&#8220; button_two_border_radius__hover_enabled=&#8220;off&#8220; button_letter_spacing__hover_enabled=&#8220;off&#8220; button_one_letter_spacing__hover_enabled=&#8220;off&#8220; button_two_letter_spacing__hover_enabled=&#8220;off&#8220; button_bg_color__hover_enabled=&#8220;off&#8220; button_one_bg_color__hover_enabled=&#8220;off&#8220; button_two_bg_color__hover_enabled=&#8220;off&#8220;][\/et_pb_contact_field][et_pb_contact_field field_id=&#8220;Phone&#8220; field_title=&#8220;Telefonnummer&#8220; fullwidth_field=&#8220;on&#8220; _builder_version=&#8220;4.21.0&#8243; global_colors_info=&#8220;{}&#8220; button_text_size__hover_enabled=&#8220;off&#8220; button_one_text_size__hover_enabled=&#8220;off&#8220; button_two_text_size__hover_enabled=&#8220;off&#8220; button_text_color__hover_enabled=&#8220;off&#8220; button_one_text_color__hover_enabled=&#8220;off&#8220; button_two_text_color__hover_enabled=&#8220;off&#8220; button_border_width__hover_enabled=&#8220;off&#8220; button_one_border_width__hover_enabled=&#8220;off&#8220; button_two_border_width__hover_enabled=&#8220;off&#8220; button_border_color__hover_enabled=&#8220;off&#8220; button_one_border_color__hover_enabled=&#8220;off&#8220; button_two_border_color__hover_enabled=&#8220;off&#8220; button_border_radius__hover_enabled=&#8220;off&#8220; button_one_border_radius__hover_enabled=&#8220;off&#8220; button_two_border_radius__hover_enabled=&#8220;off&#8220; button_letter_spacing__hover_enabled=&#8220;off&#8220; button_one_letter_spacing__hover_enabled=&#8220;off&#8220; button_two_letter_spacing__hover_enabled=&#8220;off&#8220; button_bg_color__hover_enabled=&#8220;off&#8220; button_one_bg_color__hover_enabled=&#8220;off&#8220; button_two_bg_color__hover_enabled=&#8220;off&#8220;][\/et_pb_contact_field][et_pb_contact_field field_id=&#8220;Message&#8220; field_title=&#8220;Nachricht&#8220; field_type=&#8220;text&#8220; fullwidth_field=&#8220;on&#8220; _builder_version=&#8220;4.16&#8243; global_colors_info=&#8220;{}&#8220; button_text_size__hover_enabled=&#8220;off&#8220; button_one_text_size__hover_enabled=&#8220;off&#8220; button_two_text_size__hover_enabled=&#8220;off&#8220; button_text_color__hover_enabled=&#8220;off&#8220; button_one_text_color__hover_enabled=&#8220;off&#8220; button_two_text_color__hover_enabled=&#8220;off&#8220; button_border_width__hover_enabled=&#8220;off&#8220; button_one_border_width__hover_enabled=&#8220;off&#8220; button_two_border_width__hover_enabled=&#8220;off&#8220; button_border_color__hover_enabled=&#8220;off&#8220; button_one_border_color__hover_enabled=&#8220;off&#8220; button_two_border_color__hover_enabled=&#8220;off&#8220; button_border_radius__hover_enabled=&#8220;off&#8220; button_one_border_radius__hover_enabled=&#8220;off&#8220; button_two_border_radius__hover_enabled=&#8220;off&#8220; button_letter_spacing__hover_enabled=&#8220;off&#8220; button_one_letter_spacing__hover_enabled=&#8220;off&#8220; button_two_letter_spacing__hover_enabled=&#8220;off&#8220; button_bg_color__hover_enabled=&#8220;off&#8220; button_one_bg_color__hover_enabled=&#8220;off&#8220; button_two_bg_color__hover_enabled=&#8220;off&#8220;][\/et_pb_contact_field][\/et_pb_contact_form][\/et_pb_column][et_pb_column type=&#8220;1_3&#8243; _builder_version=&#8220;4.21.0&#8243; _module_preset=&#8220;default&#8220; background_enable_color=&#8220;off&#8220; global_colors_info=&#8220;{}&#8220;][et_pb_text _builder_version=&#8220;4.23.1&#8243; _module_preset=&#8220;default&#8220; text_font=&#8220;Cairo|300|||||||&#8220; text_text_color=&#8220;#333333&#8243; text_font_size=&#8220;18px&#8220; link_font=&#8220;Cairo|600|||||||&#8220; link_text_color=&#8220;#000000&#8243; link_font_size=&#8220;18px&#8220; header_2_font=&#8220;Cairo|300|||||||&#8220; header_2_text_color=&#8220;#008BD2&#8243; header_2_font_size=&#8220;28px&#8220; animation_style=&#8220;fold&#8220; animation_direction=&#8220;bottom&#8220; animation_intensity_fold=&#8220;20%&#8220; global_colors_info=&#8220;{}&#8220;]<\/p>\n<h2><\/h2>\n<h2>Kontakt<\/h2>\n<h4>Van Osch B.V.<\/h4>\n<p>Zadelmakerstraat 5, 5405 BR Uden<\/p>\n<p><strong>T<\/strong> <a href=\"tel:0031-(0)413-262686\">0031-(0)413-262686<\/a><br \/><strong>E<\/strong> <a href=\"mailto:info@van-osch-uden.nl\">info@van-osch-uden.nl<\/a><\/p>\n<p>[\/et_pb_text][\/et_pb_column][\/et_pb_row][et_pb_row column_structure=&#8220;1_3,1_3,1_3&#8243; use_custom_gutter=&#8220;on&#8220; make_equal=&#8220;on&#8220; _builder_version=&#8220;4.21.0&#8243; _module_preset=&#8220;default&#8220; width=&#8220;100%&#8220; max_width=&#8220;70%&#8220; max_width_tablet=&#8220;70%&#8220; max_width_phone=&#8220;90%&#8220; max_width_last_edited=&#8220;on|phone&#8220; global_colors_info=&#8220;{}&#8220;][et_pb_column type=&#8220;1_3&#8243; _builder_version=&#8220;4.21.0&#8243; _module_preset=&#8220;default&#8220; custom_css_main_element=&#8220;  margin: auto;&#8220; global_colors_info=&#8220;{}&#8220;][et_pb_blurb title=&#8220;Bas van den Heuvel&#8220; image=&#8220;https:\/\/www.van-osch-uden.nl\/wp-content\/uploads\/2023\/09\/bas.jpeg&#8220; alt=&#8220;bas&#8220; _builder_version=&#8220;4.21.0&#8243; _module_preset=&#8220;default&#8220; header_font=&#8220;Cairo||||||||&#8220; header_text_color=&#8220;#008BD2&#8243; header_font_size=&#8220;24px&#8220; body_font=&#8220;Cairo||||||||&#8220; body_text_color=&#8220;#333333&#8243; body_font_size=&#8220;18px&#8220; body_link_font=&#8220;Cairo|600|||||||&#8220; body_link_text_color=&#8220;#008BD2&#8243; body_link_font_size=&#8220;18px&#8220; global_colors_info=&#8220;{}&#8220;]Gesch\u00e4ftsf\u00fchrer<\/p>\n<p>T <a href=\"tel:0031651197297\">+316-51197297<\/a><br \/>\nE <a href=\"mailto:%20bas@van-osch-uden.nl\"> bas@van-osch-uden.nl<\/a>[\/et_pb_blurb][et_pb_blurb title=&#8220;Nicole Vogels &#8220; image=&#8220;https:\/\/www.van-osch-uden.nl\/wp-content\/uploads\/2023\/09\/nicole.jpeg&#8220; alt=&#8220;nicole&#8220; _builder_version=&#8220;4.21.0&#8243; _module_preset=&#8220;default&#8220; header_font=&#8220;Cairo||||||||&#8220; header_text_color=&#8220;#008BD2&#8243; header_font_size=&#8220;24px&#8220; body_font=&#8220;Cairo||||||||&#8220; body_text_color=&#8220;#333333&#8243; body_font_size=&#8220;18px&#8220; body_link_font=&#8220;Cairo|600|||||||&#8220; body_link_text_color=&#8220;#008BD2&#8243; body_link_font_size=&#8220;18px&#8220; global_colors_info=&#8220;{}&#8220;]Finanzdirektor<\/p>\n<p>E <a href=\"mailto:nicole@van-osch-uden.nl\">nicole@van-osch-uden.nl<\/a>[\/et_pb_blurb][et_pb_blurb title=&#8220;Lieke van den Heuvel&#8220; image=&#8220;https:\/\/www.van-osch-uden.nl\/wp-content\/uploads\/2023\/10\/Lieke-van-den-heuvel.jpg&#8220; alt=&#8220;nicole&#8220; _builder_version=&#8220;4.21.0&#8243; _module_preset=&#8220;default&#8220; header_font=&#8220;Cairo||||||||&#8220; header_text_color=&#8220;#008BD2&#8243; header_font_size=&#8220;24px&#8220; body_font=&#8220;Cairo||||||||&#8220; body_text_color=&#8220;#333333&#8243; body_font_size=&#8220;18px&#8220; body_link_font=&#8220;Cairo|600|||||||&#8220; body_link_text_color=&#8220;#008BD2&#8243; body_link_font_size=&#8220;18px&#8220; global_colors_info=&#8220;{}&#8220;]Projektmanager<\/p>\n<p>E <a href=\"mailto:lieke@van-osch-uden.nl\">lieke@van-osch-uden.nl<\/a>[\/et_pb_blurb][\/et_pb_column][et_pb_column type=&#8220;1_3&#8243; _builder_version=&#8220;4.21.0&#8243; _module_preset=&#8220;default&#8220; background_enable_color=&#8220;off&#8220; global_colors_info=&#8220;{}&#8220;][et_pb_blurb title=&#8220;Eric Langens&#8220; image=&#8220;https:\/\/www.van-osch-uden.nl\/wp-content\/uploads\/2023\/09\/eric.jpeg&#8220; alt=&#8220;eric&#8220; _builder_version=&#8220;4.21.0&#8243; _module_preset=&#8220;default&#8220; header_font=&#8220;Cairo||||||||&#8220; header_text_color=&#8220;#008BD2&#8243; header_font_size=&#8220;24px&#8220; body_font=&#8220;Cairo||||||||&#8220; body_text_color=&#8220;#333333&#8243; body_font_size=&#8220;18px&#8220; body_link_font=&#8220;Cairo|600|||||||&#8220; body_link_text_color=&#8220;#008BD2&#8243; body_link_font_size=&#8220;18px&#8220; global_colors_info=&#8220;{}&#8220;]Kaufm\u00e4nnischer Leiter<\/p>\n<p>T <a href=\"tel:0031653298065\">+316-53298065<\/a><br \/>\nE <a href=\"mailto:eric@van-osch-uden.nl\"> eric@van-osch-uden.nl<\/a>[\/et_pb_blurb][et_pb_blurb title=&#8220;Mari Thomassen&#8220; image=&#8220;https:\/\/www.van-osch-uden.nl\/wp-content\/uploads\/2023\/09\/marie.jpeg&#8220; alt=&#8220;marie&#8220; _builder_version=&#8220;4.21.0&#8243; _module_preset=&#8220;default&#8220; header_font=&#8220;Cairo||||||||&#8220; header_text_color=&#8220;#008BD2&#8243; header_font_size=&#8220;24px&#8220; body_font=&#8220;Cairo||||||||&#8220; body_text_color=&#8220;#333333&#8243; body_font_size=&#8220;18px&#8220; body_link_font=&#8220;Cairo|600|||||||&#8220; body_link_text_color=&#8220;#008BD2&#8243; body_link_font_size=&#8220;18px&#8220; global_colors_info=&#8220;{}&#8220;]Lager \/ Expedition<\/p>\n<p>E <a href=\"mailto:magazijn@van-osch-uden.nl\"> magazijn@van-osch-uden.nl<\/a>[\/et_pb_blurb][\/et_pb_column][et_pb_column type=&#8220;1_3&#8243; _builder_version=&#8220;4.21.0&#8243; _module_preset=&#8220;default&#8220; background_enable_color=&#8220;off&#8220; global_colors_info=&#8220;{}&#8220;][et_pb_blurb title=&#8220;Gert van Oort&#8220; image=&#8220;https:\/\/www.van-osch-uden.nl\/wp-content\/uploads\/2023\/09\/gert.jpeg&#8220; alt=&#8220;gert&#8220; _builder_version=&#8220;4.21.0&#8243; _module_preset=&#8220;default&#8220; header_font=&#8220;Cairo||||||||&#8220; header_text_color=&#8220;#008BD2&#8243; header_font_size=&#8220;24px&#8220; body_font=&#8220;Cairo||||||||&#8220; body_text_color=&#8220;#333333&#8243; body_font_size=&#8220;18px&#8220; body_link_font=&#8220;Cairo|600|||||||&#8220; body_link_text_color=&#8220;#008BD2&#8243; body_link_font_size=&#8220;18px&#8220; global_colors_info=&#8220;{}&#8220;]Verkaufsberater<\/p>\n<p>T <a href=\"tel:0031655365519\">+316-55365519<\/a><br \/>\nE <a href=\"mailto:gert@van-osch-uden.nl\">gert@van-osch-uden.nl<\/a>[\/et_pb_blurb][et_pb_blurb title=&#8220;Rob Buts&#8220; image=&#8220;https:\/\/www.van-osch-uden.nl\/wp-content\/uploads\/2023\/10\/Rob-Buts.jpg&#8220; alt=&#8220;Rob-Buts&#8220; _builder_version=&#8220;4.21.0&#8243; _module_preset=&#8220;default&#8220; header_font=&#8220;Cairo||||||||&#8220; header_text_color=&#8220;#008BD2&#8243; header_font_size=&#8220;24px&#8220; body_font=&#8220;Cairo||||||||&#8220; body_text_color=&#8220;#333333&#8243; body_font_size=&#8220;18px&#8220; body_link_font=&#8220;Cairo|600|||||||&#8220; body_link_text_color=&#8220;#008BD2&#8243; body_link_font_size=&#8220;18px&#8220; global_colors_info=&#8220;{}&#8220;]Planer<\/p>\n<p>E <a href=\"mailto:rob@van-osch-uden.nl\">rob@van-osch-uden.nl<\/a>[\/et_pb_blurb][\/et_pb_column][\/et_pb_row][\/et_pb_section]<\/p>\n","protected":false},"excerpt":{"rendered":"<p>KontaktKontakt Kontakt mit Van Osch M\u00f6chten Sie mehr \u00fcber Van Osch erfahren? Beispielsweise \u00fcber Ihr ma\u00dfgeschneidertes Projekt zu einem konkurrenzf\u00e4higen Preis. Nehmen Sie gern f\u00fcr ein freibleibendes Gespr\u00e4ch Kontakt mit uns auf. Kontakt Van Osch B.V. Zadelmakerstraat 5, 5405 BR Uden T 0031-(0)413-262686E info@van-osch-uden.nlGesch\u00e4ftsf\u00fchrer T +316-51197297 E bas@van-osch-uden.nlFinanzdirektor E nicole@van-osch-uden.nlProjektmanager E lieke@van-osch-uden.nlKaufm\u00e4nnischer Leiter T +316-53298065 [&hellip;]<\/p>\n","protected":false},"author":1,"featured_media":0,"parent":0,"menu_order":0,"comment_status":"closed","ping_status":"closed","template":"","meta":{"_et_pb_use_builder":"on","_et_pb_old_content":"","_et_gb_content_width":"","inline_featured_image":false,"footnotes":""},"class_list":["post-10000003028","page","type-page","status-publish","hentry"],"_links":{"self":[{"href":"https:\/\/www.van-osch-uden.nl\/de\/wp-json\/wp\/v2\/pages\/10000003028","targetHints":{"allow":["GET"]}}],"collection":[{"href":"https:\/\/www.van-osch-uden.nl\/de\/wp-json\/wp\/v2\/pages"}],"about":[{"href":"https:\/\/www.van-osch-uden.nl\/de\/wp-json\/wp\/v2\/types\/page"}],"author":[{"embeddable":true,"href":"https:\/\/www.van-osch-uden.nl\/de\/wp-json\/wp\/v2\/users\/1"}],"replies":[{"embeddable":true,"href":"https:\/\/www.van-osch-uden.nl\/de\/wp-json\/wp\/v2\/comments?post=10000003028"}],"version-history":[{"count":10,"href":"https:\/\/www.van-osch-uden.nl\/de\/wp-json\/wp\/v2\/pages\/10000003028\/revisions"}],"predecessor-version":[{"id":10000003743,"href":"https:\/\/www.van-osch-uden.nl\/de\/wp-json\/wp\/v2\/pages\/10000003028\/revisions\/10000003743"}],"wp:attachment":[{"href":"https:\/\/www.van-osch-uden.nl\/de\/wp-json\/wp\/v2\/media?parent=10000003028"}],"curies":[{"name":"wp","href":"https:\/\/api.w.org\/{rel}","templated":true}]}}